{"id":3237,"date":"2025-02-26T13:19:17","date_gmt":"2025-02-26T13:19:17","guid":{"rendered":"https:\/\/nordichost.fi\/?page_id=3237"},"modified":"2025-02-26T13:27:03","modified_gmt":"2025-02-26T13:27:03","slug":"tietosuojaseloste","status":"publish","type":"page","link":"https:\/\/nordichost.fi\/en\/tietosuojaseloste\/","title":{"rendered":"Privacy policy"},"content":{"rendered":"<div data-elementor-type=\"wp-page\" data-elementor-id=\"3237\" class=\"elementor elementor-3237\" data-elementor-post-type=\"page\">\n\t\t\t\t\t\t<section class=\"elementor-section elementor-top-section elementor-element elementor-element-d649bbd elementor-reverse-mobile elementor-section-height-min-height elementor-section-boxed elementor-section-height-default elementor-section-items-middle\" data-id=\"d649bbd\" data-element_type=\"section\" data-e-type=\"section\">\n\t\t\t\t\t\t<div class=\"elementor-container elementor-column-gap-default\">\n\t\t\t\t\t<div class=\"elementor-column elementor-col-50 elementor-top-column elementor-element elementor-element-cd56fe5\" data-id=\"cd56fe5\" data-element_type=\"column\" data-e-type=\"column\">\n\t\t\t<div class=\"elementor-widget-wrap elementor-element-populated\">\n\t\t\t\t\t\t<div class=\"elementor-element elementor-element-d2a4596 elementor-widget elementor-widget-heading\" data-id=\"d2a4596\" data-element_type=\"widget\" data-e-type=\"widget\" data-widget_type=\"heading.default\">\n\t\t\t\t<div class=\"elementor-widget-container\">\n\t\t\t\t\t<h2 class=\"elementor-heading-title elementor-size-default\">Privacy policy<\/h2>\t\t\t\t<\/div>\n\t\t\t\t<\/div>\n\t\t\t\t<div class=\"elementor-element elementor-element-b61b6ef elementor-widget elementor-widget-text-editor\" data-id=\"b61b6ef\" data-element_type=\"widget\" data-e-type=\"widget\" data-widget_type=\"text-editor.default\">\n\t\t\t\t<div class=\"elementor-widget-container\">\n\t\t\t\t\t\t\t\t\t<p>Please read through the NordicHost Privacy Policy.<\/p>\t\t\t\t\t\t\t\t<\/div>\n\t\t\t\t<\/div>\n\t\t\t\t<div class=\"elementor-element elementor-element-aaf2a6c elementor-mobile-align-center elementor-widget__width-initial elementor-widget-mobile__width-inherit elementor-widget elementor-widget-button\" data-id=\"aaf2a6c\" data-element_type=\"widget\" data-e-type=\"widget\" data-widget_type=\"button.default\">\n\t\t\t\t<div class=\"elementor-widget-container\">\n\t\t\t\t\t\t\t\t\t<div class=\"elementor-button-wrapper\">\n\t\t\t\t\t<a class=\"elementor-button elementor-button-link elementor-size-sm\" href=\"#lue-lisaa\">\n\t\t\t\t\t\t<span class=\"elementor-button-content-wrapper\">\n\t\t\t\t\t\t\t\t\t<span class=\"elementor-button-text\">Read more<\/span>\n\t\t\t\t\t<\/span>\n\t\t\t\t\t<\/a>\n\t\t\t\t<\/div>\n\t\t\t\t\t\t\t\t<\/div>\n\t\t\t\t<\/div>\n\t\t\t\t\t<\/div>\n\t\t<\/div>\n\t\t\t\t<div class=\"elementor-column elementor-col-50 elementor-top-column elementor-element elementor-element-70e71e7\" data-id=\"70e71e7\" data-element_type=\"column\" data-e-type=\"column\">\n\t\t\t<div class=\"elementor-widget-wrap\">\n\t\t\t\t\t\t\t<\/div>\n\t\t<\/div>\n\t\t\t\t\t<\/div>\n\t\t<\/section>\n\t\t\t\t<section class=\"elementor-section elementor-top-section elementor-element elementor-element-e008926 elementor-section-boxed elementor-section-height-default elementor-section-height-default\" data-id=\"e008926\" data-element_type=\"section\" data-e-type=\"section\" id=\"lue-lisaa\" data-settings=\"{&quot;background_background&quot;:&quot;classic&quot;}\">\n\t\t\t\t\t\t<div class=\"elementor-container elementor-column-gap-default\">\n\t\t\t\t\t<div class=\"elementor-column elementor-col-100 elementor-top-column elementor-element elementor-element-dbdde0a\" data-id=\"dbdde0a\" data-element_type=\"column\" data-e-type=\"column\">\n\t\t\t<div class=\"elementor-widget-wrap elementor-element-populated\">\n\t\t\t\t<div class=\"elementor-element elementor-element-31c5fce e-con-full e-flex e-con e-parent\" data-id=\"31c5fce\" data-element_type=\"container\" data-e-type=\"container\">\n\t\t\t\t<div class=\"elementor-element elementor-element-af50c7c elementor-widget elementor-widget-text-editor\" data-id=\"af50c7c\" data-element_type=\"widget\" data-e-type=\"widget\" data-widget_type=\"text-editor.default\">\n\t\t\t\t<div class=\"elementor-widget-container\">\n\t\t\t\t\t\t\t\t\t<p>This Privacy Policy describes how NordicHost Oy, business ID 3480634-4 (\"NordicHost\", \"we\"<\/p><p>or \"us\"), processes personal data when you use our services, when you visit our website.<\/p><p>or when you shop on our other digital channels. In addition, this notice covers the processing of personal data<\/p><p>in marketing and customer communication situations.<\/p><p>This Privacy Policy does not apply to the processing of personal data carried out by us in our role as processor.<\/p><p>on behalf of our customers. For example, when we deliver server solutions<\/p><p>for our community customers. This Statement also does not apply when we process domain names.<\/p><p>personal data of users in connection with the registration and management of domain names, which are<\/p><p>we will act as processor in accordance with the instructions of the Finnish Transport and Communications Agency.<\/p><p>This Privacy Policy explains how we collect, process and share your personal data.<\/p><p>in the role of controller. Personal data means any information that enables us to identify you.<\/p><p>identify.<\/p><p>We want to make sure that you can have confidence in how we handle your personal data. We do<\/p><p>take the necessary measures to ensure that your data is protected and that the processing of your personal data is.<\/p><p>in accordance with applicable data protection legislation and our internal policies.<\/p><p>Who is this privacy notice for?<\/p><p>This Privacy Policy applies to the following categories of data subjects:<\/p><p>- Users who use our website or digital channels, including.<\/p><p>NordicHost social media channels.<\/p><p>- Individuals, including sole traders, who subscribe to and use<\/p><p>our services.<\/p><p>- Contact persons who act as representatives or liaisons for our Community customers.<\/p><p>- Partners participating in the NordicHost Partner Program.<\/p><p>How do we collect your personal data?<\/p><p>We collect personal data in the following ways:<\/p><p>1. The information you give us yourself<\/p><p>For example, when you contact us by email, phone or on our website.<\/p><p>via the forms provided.<\/p><p>2. Automatic methods<\/p><p>For example, when you use our services or visit our website, we collect.<\/p><p>automatically collect domain names and other technical information.<\/p><p>3. Social media platforms<\/p><p>For example, when you interact with our social media channels (such as Facebook or<\/p><p>LinkedIn), we collect the information you provide on those channels.<\/p><p>4. Third parties<\/p><p>For example, we receive data from advertising networks and search providers.<\/p><p>Why do we process your personal data?<\/p><p>In short, we process your personal data for the following purposes:<\/p><p>- Customer relationship management and service delivery.<\/p><p>- Marketing and communication.<\/p><p>- Managing our website and digital channels.<\/p><p>The purposes of the processing of personal data, the data processed and the applicable legal grounds are described in.<\/p><p>more details below.<\/p><p>Where we process your personal data<\/p><p>Some of our service providers or other recipients of personal data may store data in the European Union.<\/p><p>outside the European Union (EU) or the European Economic Area (EEA). We will ensure that your personal data<\/p><p>appropriate protection by applying the necessary safeguards to recipients who.<\/p><p>process data outside the EU\/EEA. These safeguards include in particular the European Commission's<\/p><p>standard contractual clauses and adequacy decisions adopted by the Commission. To find out more about the countries where<\/p><p>your personal data is transferred, or about the safeguards we use, you can contact us at.<\/p><p>tietosuoja@vanhanordichost.ngmprojektit.fi<\/p><p>\u00a0<\/p><p>How long we keep your personal data<\/p><p>In accordance with legal obligations, NordicHost retains some personal data for a minimum period.<\/p><p>For example, according to the Accounting Act, accounting supporting documents must be kept for the current year.<\/p><p>in addition to the following six years. Otherwise, we will only keep your personal data for as long as necessary.<\/p><p>for the purposes set out in this Privacy Policy. After the end of this period<\/p><p>delete personal data unless it is necessary to retain it in order to comply with any legal requirements.<\/p><p>to prepare, present or defend. For more information on retention periods, please contact<\/p><p>tietosuoja@vanhanordichost.ngmprojektit.fi<\/p><p>\u00a0<\/p><p>Automated decision making and profiling<\/p><p>We may use automated decision-making, including profiling, for example to.<\/p><p>to target marketing online or to improve your experience of our services.<\/p><p>For example, based on your browsing behaviour or your order history, we may classify you as.<\/p><p>a group that we think might be interested in a particular product or service. We consider that<\/p><p>the automated decision-making and profiling we carry out does not give rise to a breach of data protection law.<\/p><p>have legal effects or significant effects on you.<\/p><p>For more information, see our Cookie Policy.<\/p><p>Your rights<\/p><p>You have certain rights under data protection law in relation to the processing of your personal data.<\/p><p>To exercise your rights, please contact tietosuoja@vanhanordichost.ngmprojektit.fi<\/p><p>\u00a0<\/p><p>Your rights are:<\/p><p>Right of access to your personal data<\/p><p>You have the right to know what personal data we process about you. We will provide this<\/p><p>information, unless disclosure is prohibited or restricted by law, or unless disclosure would affect.<\/p><p>the rights and freedoms of third parties.<\/p><p>- Right to rectify personal data<\/p><p>You have the right to request that incorrect or incomplete information be corrected or completed.<\/p><p>- Right to withdraw consent<\/p><p>If we process your personal data on the basis of consent, you can withdraw your consent at any time.<\/p><p>your consent.<\/p><p>- Right to object to processing<\/p><p>You have the right to object to the processing of your personal data if it is based on a legitimate interest and.<\/p><p>the objection is related to your specific personal situation. In this case, we will stop<\/p><p>processing your personal data unless we have a legitimate ground for continuing to process it.<\/p><p>- Right to erasure<\/p><p>In certain circumstances, you have the right to request the deletion of your personal data. However, we do not<\/p><p>may delete information if we are required by law to keep it or if we need it for legal purposes.<\/p><p>for the processing of claims.<\/p><p>- Right to restrict processing<\/p><p>In certain circumstances, you may request a restriction on the processing of your personal data. In this case<\/p><p>personal data will only be processed on the basis of your consent or for the purposes of a legal claim.<\/p><p>- Right to data portability<\/p><p>You can request a copy of your personal data in a structured, commonly used and automated format.<\/p><p>in a readable format. This right only applies to information that you have provided to us and<\/p><p>which we process on the basis of consent or contract.<\/p><p>- Right to lodge a complaint with a supervisory authority<\/p><p>If you feel that we are processing your personal data unlawfully or not responding to your requests.<\/p><p>properly, you can lodge a complaint with the supervisory authority. In Finland<\/p><p>the supervisory authority is the Office of the Data Protection Ombudsman, whose contact details can be found at their<\/p><p>from their website.<\/p><p>Updates to this Privacy Policy<\/p><p>We may update this Privacy Policy from time to time, for example, if the processing of personal data becomes subject to.<\/p><p>new purposes or recipients. Updates will be notified in an appropriate manner, and the latest<\/p><p>version is always published on the NordicHost website.<\/p><p>Contact us<\/p><p>If you have any questions about the processing of your personal data, you can contact us at.<\/p><p>tietosuoja@vanhanordichost.ngmprojektit.fi<\/p><p>NordicHost Oy, 3480634-4<\/p><p>Tarjusojantie 15A, 90440 Kempele, Finland<\/p><p>\u00a0<\/p><p>Contact point for Regulation (EU) 2021\/784 of the European Parliament and of the Council:<\/p><p>E-mail: tietosuoja@vanhanordichost.ngmprojektit.fi<\/p><p>Supported languages: English<\/p><p>This contact option is exclusively intended for communication in accordance with the<\/p><p>aforementioned regulation (EU) 2021\/784. Other inquiries will not be answered and must be<\/p><p>submitted through the appropriate contact channels<\/p>\t\t\t\t\t\t\t\t<\/div>\n\t\t\t\t<\/div>\n\t\t\t\t<\/div>\n\t\t\t\t\t<\/div>\n\t\t<\/div>\n\t\t\t\t\t<\/div>\n\t\t<\/section>\n\t\t\t\t<\/div>","protected":false},"excerpt":{"rendered":"<p>Tietosuojaseloste Lue l\u00e4pi NordicHostin tietosuojaseloste. Lue lis\u00e4\u00e4 T\u00e4m\u00e4 tietosuojaseloste kuvaa, miten NordicHost Oy, y-tunnus 3480634-4 (\u201dNordicHost\u201d, \u201dme\u201d tai \u201dmeille\u201d), k\u00e4sittelee [&hellip;]<\/p>","protected":false},"author":1,"featured_media":0,"parent":0,"menu_order":0,"comment_status":"closed","ping_status":"closed","template":"","meta":{"site-sidebar-layout":"no-sidebar","site-content-layout":"","ast-site-content-layout":"full-width-container","site-content-style":"default","site-sidebar-style":"default","ast-global-header-display":"","ast-banner-title-visibility":"","ast-main-header-display":"","ast-hfb-above-header-display":"","ast-hfb-below-header-display":"","ast-hfb-mobile-header-display":"","site-post-title":"disabled","ast-breadcrumbs-content":"","ast-featured-img":"disabled","footer-sml-layout":"","theme-transparent-header-meta":"","adv-header-id-meta":"","stick-header-meta":"","header-above-stick-meta":"","header-main-stick-meta":"","header-below-stick-meta":"","astra-migrate-meta-layouts":"default","ast-page-background-enabled":"default","ast-page-background-meta":{"desktop":{"background-color":"var(--ast-global-color-5)","background-image":"","background-repeat":"repeat","background-position":"center center","background-size":"auto","background-attachment":"scroll","background-type":"","background-media":"","overlay-type":"","overlay-color":"","overlay-opacity":"","overlay-gradient":""},"tablet":{"background-color":"","background-image":"","background-repeat":"repeat","background-position":"center center","background-size":"auto","background-attachment":"scroll","background-type":"","background-media":"","overlay-type":"","overlay-color":"","overlay-opacity":"","overlay-gradient":""},"mobile":{"background-color":"","background-image":"","background-repeat":"repeat","background-position":"center center","background-size":"auto","background-attachment":"scroll","background-type":"","background-media":"","overlay-type":"","overlay-color":"","overlay-opacity":"","overlay-gradient":""}},"ast-content-background-meta":{"desktop":{"background-color":"var(--ast-global-color-4)","background-image":"","background-repeat":"repeat","background-position":"center center","background-size":"auto","background-attachment":"scroll","background-type":"","background-media":"","overlay-type":"","overlay-color":"","overlay-opacity":"","overlay-gradient":""},"tablet":{"background-color":"var(--ast-global-color-4)","background-image":"","background-repeat":"repeat","background-position":"center center","background-size":"auto","background-attachment":"scroll","background-type":"","background-media":"","overlay-type":"","overlay-color":"","overlay-opacity":"","overlay-gradient":""},"mobile":{"background-color":"var(--ast-global-color-4)","background-image":"","background-repeat":"repeat","background-position":"center center","background-size":"auto","background-attachment":"scroll","background-type":"","background-media":"","overlay-type":"","overlay-color":"","overlay-opacity":"","overlay-gradient":""}},"footnotes":""},"class_list":["post-3237","page","type-page","status-publish","hentry"],"featured_image_src":null,"yoast_head":"<!-- This site is optimized with the Yoast SEO plugin v27.2 - https:\/\/yoast.com\/product\/yoast-seo-wordpress\/ -->\n<title>Tietosuojaseloste - NordicHost<\/title>\n<meta name=\"robots\" content=\"index, follow, max-snippet:-1, max-image-preview:large, max-video-preview:-1\" \/>\n<link rel=\"canonical\" href=\"https:\/\/nordichost.fi\/en\/tietosuojaseloste\/\" \/>\n<meta property=\"og:locale\" content=\"en_GB\" \/>\n<meta property=\"og:type\" content=\"article\" \/>\n<meta property=\"og:title\" content=\"Tietosuojaseloste - NordicHost\" \/>\n<meta property=\"og:description\" content=\"Tietosuojaseloste Lue l\u00e4pi NordicHostin tietosuojaseloste. Lue lis\u00e4\u00e4 T\u00e4m\u00e4 tietosuojaseloste kuvaa, miten NordicHost Oy, y-tunnus 3480634-4 (\u201dNordicHost\u201d, \u201dme\u201d tai \u201dmeille\u201d), k\u00e4sittelee [&hellip;]\" \/>\n<meta property=\"og:url\" content=\"https:\/\/nordichost.fi\/en\/tietosuojaseloste\/\" \/>\n<meta property=\"og:site_name\" content=\"NordicHost\" \/>\n<meta property=\"article:publisher\" content=\"https:\/\/www.facebook.com\/nordichost.fi\" \/>\n<meta property=\"article:modified_time\" content=\"2025-02-26T13:27:03+00:00\" \/>\n<meta name=\"twitter:card\" content=\"summary_large_image\" \/>\n<meta name=\"twitter:label1\" content=\"Estimated reading time\" \/>\n\t<meta name=\"twitter:data1\" content=\"5 minutes\" \/>\n<script type=\"application\/ld+json\" class=\"yoast-schema-graph\">{\"@context\":\"https:\/\/schema.org\",\"@graph\":[{\"@type\":\"WebPage\",\"@id\":\"https:\/\/nordichost.fi\/tietosuojaseloste\/\",\"url\":\"https:\/\/nordichost.fi\/tietosuojaseloste\/\",\"name\":\"Tietosuojaseloste - NordicHost\",\"isPartOf\":{\"@id\":\"https:\/\/nordichost.fi\/#website\"},\"datePublished\":\"2025-02-26T13:19:17+00:00\",\"dateModified\":\"2025-02-26T13:27:03+00:00\",\"breadcrumb\":{\"@id\":\"https:\/\/nordichost.fi\/tietosuojaseloste\/#breadcrumb\"},\"inLanguage\":\"en-GB\",\"potentialAction\":[{\"@type\":\"ReadAction\",\"target\":[\"https:\/\/nordichost.fi\/tietosuojaseloste\/\"]}]},{\"@type\":\"BreadcrumbList\",\"@id\":\"https:\/\/nordichost.fi\/tietosuojaseloste\/#breadcrumb\",\"itemListElement\":[{\"@type\":\"ListItem\",\"position\":1,\"name\":\"Home\",\"item\":\"https:\/\/nordichost.fi\/\"},{\"@type\":\"ListItem\",\"position\":2,\"name\":\"Tietosuojaseloste\"}]},{\"@type\":\"WebSite\",\"@id\":\"https:\/\/nordichost.fi\/#website\",\"url\":\"https:\/\/nordichost.fi\/\",\"name\":\"NordicHost\",\"description\":\"\",\"publisher\":{\"@id\":\"https:\/\/nordichost.fi\/#organization\"},\"potentialAction\":[{\"@type\":\"SearchAction\",\"target\":{\"@type\":\"EntryPoint\",\"urlTemplate\":\"https:\/\/nordichost.fi\/?s={search_term_string}\"},\"query-input\":{\"@type\":\"PropertyValueSpecification\",\"valueRequired\":true,\"valueName\":\"search_term_string\"}}],\"inLanguage\":\"en-GB\"},{\"@type\":\"Organization\",\"@id\":\"https:\/\/nordichost.fi\/#organization\",\"name\":\"NordicHost\",\"url\":\"https:\/\/nordichost.fi\/\",\"logo\":{\"@type\":\"ImageObject\",\"inLanguage\":\"en-GB\",\"@id\":\"https:\/\/nordichost.fi\/#\/schema\/logo\/image\/\",\"url\":\"https:\/\/nordichost.fi\/wp-content\/uploads\/2025\/01\/nordic-host-1-1024x299.png.webp\",\"contentUrl\":\"https:\/\/nordichost.fi\/wp-content\/uploads\/2025\/01\/nordic-host-1-1024x299.png.webp\",\"width\":1024,\"height\":299,\"caption\":\"NordicHost\"},\"image\":{\"@id\":\"https:\/\/nordichost.fi\/#\/schema\/logo\/image\/\"},\"sameAs\":[\"https:\/\/www.facebook.com\/nordichost.fi\",\"https:\/\/www.instagram.com\/nordichost.fi\/\"]}]}<\/script>\n<!-- \/ Yoast SEO plugin. -->","yoast_head_json":{"title":"Tietosuojaseloste - NordicHost","robots":{"index":"index","follow":"follow","max-snippet":"max-snippet:-1","max-image-preview":"max-image-preview:large","max-video-preview":"max-video-preview:-1"},"canonical":"https:\/\/nordichost.fi\/en\/tietosuojaseloste\/","og_locale":"en_GB","og_type":"article","og_title":"Tietosuojaseloste - NordicHost","og_description":"Tietosuojaseloste Lue l\u00e4pi NordicHostin tietosuojaseloste. Lue lis\u00e4\u00e4 T\u00e4m\u00e4 tietosuojaseloste kuvaa, miten NordicHost Oy, y-tunnus 3480634-4 (\u201dNordicHost\u201d, \u201dme\u201d tai \u201dmeille\u201d), k\u00e4sittelee [&hellip;]","og_url":"https:\/\/nordichost.fi\/en\/tietosuojaseloste\/","og_site_name":"NordicHost","article_publisher":"https:\/\/www.facebook.com\/nordichost.fi","article_modified_time":"2025-02-26T13:27:03+00:00","twitter_card":"summary_large_image","twitter_misc":{"Estimated reading time":"5 minutes"},"schema":{"@context":"https:\/\/schema.org","@graph":[{"@type":"WebPage","@id":"https:\/\/nordichost.fi\/tietosuojaseloste\/","url":"https:\/\/nordichost.fi\/tietosuojaseloste\/","name":"Tietosuojaseloste - NordicHost","isPartOf":{"@id":"https:\/\/nordichost.fi\/#website"},"datePublished":"2025-02-26T13:19:17+00:00","dateModified":"2025-02-26T13:27:03+00:00","breadcrumb":{"@id":"https:\/\/nordichost.fi\/tietosuojaseloste\/#breadcrumb"},"inLanguage":"en-GB","potentialAction":[{"@type":"ReadAction","target":["https:\/\/nordichost.fi\/tietosuojaseloste\/"]}]},{"@type":"BreadcrumbList","@id":"https:\/\/nordichost.fi\/tietosuojaseloste\/#breadcrumb","itemListElement":[{"@type":"ListItem","position":1,"name":"Home","item":"https:\/\/nordichost.fi\/"},{"@type":"ListItem","position":2,"name":"Tietosuojaseloste"}]},{"@type":"WebSite","@id":"https:\/\/nordichost.fi\/#website","url":"https:\/\/nordichost.fi\/","name":"NordicHost","description":"","publisher":{"@id":"https:\/\/nordichost.fi\/#organization"},"potentialAction":[{"@type":"SearchAction","target":{"@type":"EntryPoint","urlTemplate":"https:\/\/nordichost.fi\/?s={search_term_string}"},"query-input":{"@type":"PropertyValueSpecification","valueRequired":true,"valueName":"search_term_string"}}],"inLanguage":"en-GB"},{"@type":"Organization","@id":"https:\/\/nordichost.fi\/#organization","name":"NordicHost","url":"https:\/\/nordichost.fi\/","logo":{"@type":"ImageObject","inLanguage":"en-GB","@id":"https:\/\/nordichost.fi\/#\/schema\/logo\/image\/","url":"https:\/\/nordichost.fi\/wp-content\/uploads\/2025\/01\/nordic-host-1-1024x299.png.webp","contentUrl":"https:\/\/nordichost.fi\/wp-content\/uploads\/2025\/01\/nordic-host-1-1024x299.png.webp","width":1024,"height":299,"caption":"NordicHost"},"image":{"@id":"https:\/\/nordichost.fi\/#\/schema\/logo\/image\/"},"sameAs":["https:\/\/www.facebook.com\/nordichost.fi","https:\/\/www.instagram.com\/nordichost.fi\/"]}]}},"_links":{"self":[{"href":"https:\/\/nordichost.fi\/en\/wp-json\/wp\/v2\/pages\/3237","targetHints":{"allow":["GET"]}}],"collection":[{"href":"https:\/\/nordichost.fi\/en\/wp-json\/wp\/v2\/pages"}],"about":[{"href":"https:\/\/nordichost.fi\/en\/wp-json\/wp\/v2\/types\/page"}],"author":[{"embeddable":true,"href":"https:\/\/nordichost.fi\/en\/wp-json\/wp\/v2\/users\/1"}],"replies":[{"embeddable":true,"href":"https:\/\/nordichost.fi\/en\/wp-json\/wp\/v2\/comments?post=3237"}],"version-history":[{"count":13,"href":"https:\/\/nordichost.fi\/en\/wp-json\/wp\/v2\/pages\/3237\/revisions"}],"predecessor-version":[{"id":3267,"href":"https:\/\/nordichost.fi\/en\/wp-json\/wp\/v2\/pages\/3237\/revisions\/3267"}],"wp:attachment":[{"href":"https:\/\/nordichost.fi\/en\/wp-json\/wp\/v2\/media?parent=3237"}],"curies":[{"name":"wp","href":"https:\/\/api.w.org\/{rel}","templated":true}]}}