{"id":5111,"date":"2025-12-16T10:05:42","date_gmt":"2025-12-16T10:05:42","guid":{"rendered":"https:\/\/nordichost.fi\/?page_id=5111"},"modified":"2026-01-08T10:04:30","modified_gmt":"2026-01-08T10:04:30","slug":"kumppanuusohjelman-ehdot","status":"publish","type":"page","link":"https:\/\/nordichost.fi\/en\/kumppanuusohjelman-ehdot\/","title":{"rendered":"Terms and conditions of the Partnership Programme"},"content":{"rendered":"<div data-elementor-type=\"wp-page\" data-elementor-id=\"5111\" class=\"elementor elementor-5111\" data-elementor-post-type=\"page\">\n\t\t\t\t\t\t<section class=\"elementor-section elementor-top-section elementor-element elementor-element-208ec53 elementor-reverse-mobile elementor-section-height-min-height elementor-section-boxed elementor-section-height-default elementor-section-items-middle\" data-id=\"208ec53\" data-element_type=\"section\" data-e-type=\"section\">\n\t\t\t\t\t\t<div class=\"elementor-container elementor-column-gap-default\">\n\t\t\t\t\t<div class=\"elementor-column elementor-col-50 elementor-top-column elementor-element elementor-element-804b8c2\" data-id=\"804b8c2\" data-element_type=\"column\" data-e-type=\"column\">\n\t\t\t<div class=\"elementor-widget-wrap elementor-element-populated\">\n\t\t\t\t\t\t<div class=\"elementor-element elementor-element-bfc5c95 elementor-widget elementor-widget-heading\" data-id=\"bfc5c95\" data-element_type=\"widget\" data-e-type=\"widget\" data-widget_type=\"heading.default\">\n\t\t\t\t<div class=\"elementor-widget-container\">\n\t\t\t\t\t<h2 class=\"elementor-heading-title elementor-size-default\">Terms and conditions of the Partnership Programme<\/h2>\t\t\t\t<\/div>\n\t\t\t\t<\/div>\n\t\t\t\t<div class=\"elementor-element elementor-element-2c3a459 elementor-widget elementor-widget-text-editor\" data-id=\"2c3a459\" data-element_type=\"widget\" data-e-type=\"widget\" data-widget_type=\"text-editor.default\">\n\t\t\t\t<div class=\"elementor-widget-container\">\n\t\t\t\t\t\t\t\t\t<p>Read through the terms and conditions of the NordicHost Affiliate Program.<\/p>\t\t\t\t\t\t\t\t<\/div>\n\t\t\t\t<\/div>\n\t\t\t\t<div class=\"elementor-element elementor-element-0322cc7 elementor-mobile-align-center elementor-widget__width-initial elementor-widget-mobile__width-inherit elementor-widget elementor-widget-button\" data-id=\"0322cc7\" data-element_type=\"widget\" data-e-type=\"widget\" data-widget_type=\"button.default\">\n\t\t\t\t<div class=\"elementor-widget-container\">\n\t\t\t\t\t\t\t\t\t<div class=\"elementor-button-wrapper\">\n\t\t\t\t\t<a class=\"elementor-button elementor-button-link elementor-size-sm\" href=\"#lue-lisaa\">\n\t\t\t\t\t\t<span class=\"elementor-button-content-wrapper\">\n\t\t\t\t\t\t\t\t\t<span class=\"elementor-button-text\">Read more<\/span>\n\t\t\t\t\t<\/span>\n\t\t\t\t\t<\/a>\n\t\t\t\t<\/div>\n\t\t\t\t\t\t\t\t<\/div>\n\t\t\t\t<\/div>\n\t\t\t\t\t<\/div>\n\t\t<\/div>\n\t\t\t\t<div class=\"elementor-column elementor-col-50 elementor-top-column elementor-element elementor-element-2358b21\" data-id=\"2358b21\" data-element_type=\"column\" data-e-type=\"column\">\n\t\t\t<div class=\"elementor-widget-wrap\">\n\t\t\t\t\t\t\t<\/div>\n\t\t<\/div>\n\t\t\t\t\t<\/div>\n\t\t<\/section>\n\t\t\t\t<section class=\"elementor-section elementor-top-section elementor-element elementor-element-d46c9f4 elementor-section-boxed elementor-section-height-default elementor-section-height-default\" data-id=\"d46c9f4\" data-element_type=\"section\" data-e-type=\"section\" id=\"lue-lisaa\" data-settings=\"{&quot;background_background&quot;:&quot;classic&quot;}\">\n\t\t\t\t\t\t<div class=\"elementor-container elementor-column-gap-default\">\n\t\t\t\t\t<div class=\"elementor-column elementor-col-100 elementor-top-column elementor-element elementor-element-fde79be\" data-id=\"fde79be\" data-element_type=\"column\" data-e-type=\"column\">\n\t\t\t<div class=\"elementor-widget-wrap elementor-element-populated\">\n\t\t\t\t<div class=\"elementor-element elementor-element-82e01ad e-flex e-con-boxed e-con e-parent\" data-id=\"82e01ad\" data-element_type=\"container\" data-e-type=\"container\">\n\t\t\t\t\t<div class=\"e-con-inner\">\n\t\t\t\t<div class=\"elementor-element elementor-element-2031510 elementor-widget elementor-widget-heading\" data-id=\"2031510\" data-element_type=\"widget\" data-e-type=\"widget\" data-widget_type=\"heading.default\">\n\t\t\t\t<div class=\"elementor-widget-container\">\n\t\t\t\t\t<h2 class=\"elementor-heading-title elementor-size-default\">Commission payments<\/h2>\t\t\t\t<\/div>\n\t\t\t\t<\/div>\n\t\t\t\t<div class=\"elementor-element elementor-element-4af7387 elementor-widget elementor-widget-text-editor\" data-id=\"4af7387\" data-element_type=\"widget\" data-e-type=\"widget\" data-widget_type=\"text-editor.default\">\n\t\t\t\t<div class=\"elementor-widget-container\">\n\t\t\t\t\t\t\t\t\t<p>Commissions payable to the Affiliate will be paid after the full amount of the referral order has been paid to NordicHost. No commission will be paid for pending or unpaid orders. Commissions will be paid for the following web hosting packages: basic, plus, premium, enterprise, Nordic S, Nordic M, Nordic L. No commission will be paid separately for domain names or email packages\/licences.<\/p>\t\t\t\t\t\t\t\t<\/div>\n\t\t\t\t<\/div>\n\t\t\t\t<div class=\"elementor-element elementor-element-4742477 elementor-widget elementor-widget-heading\" data-id=\"4742477\" data-element_type=\"widget\" data-e-type=\"widget\" data-widget_type=\"heading.default\">\n\t\t\t\t<div class=\"elementor-widget-container\">\n\t\t\t\t\t<h2 class=\"elementor-heading-title elementor-size-default\">Using the brand in marketing<\/h2>\t\t\t\t<\/div>\n\t\t\t\t<\/div>\n\t\t\t\t<div class=\"elementor-element elementor-element-f339abb elementor-widget elementor-widget-text-editor\" data-id=\"f339abb\" data-element_type=\"widget\" data-e-type=\"widget\" data-widget_type=\"text-editor.default\">\n\t\t\t\t<div class=\"elementor-widget-container\">\n\t\t\t\t\t\t\t\t\t<p>NordicHost's name, domain name or other names that clearly refer to it or are deceptively similar to it may not be used in paid advertising, including search engine advertising, social media advertising or other digital marketing. For example, the purchase of NordicHost-related keywords in Google Ads or similar services is prohibited. Violation of this condition will result in immediate termination of the partnership and forfeiture of any outstanding commissions.<\/p>\t\t\t\t\t\t\t\t<\/div>\n\t\t\t\t<\/div>\n\t\t\t\t<div class=\"elementor-element elementor-element-52a21c1 elementor-widget elementor-widget-heading\" data-id=\"52a21c1\" data-element_type=\"widget\" data-e-type=\"widget\" data-widget_type=\"heading.default\">\n\t\t\t\t<div class=\"elementor-widget-container\">\n\t\t\t\t\t<h2 class=\"elementor-heading-title elementor-size-default\">Prohibited conduct<\/h2>\t\t\t\t<\/div>\n\t\t\t\t<\/div>\n\t\t\t\t<div class=\"elementor-element elementor-element-63e1c6e elementor-widget elementor-widget-text-editor\" data-id=\"63e1c6e\" data-element_type=\"widget\" data-e-type=\"widget\" data-widget_type=\"text-editor.default\">\n\t\t\t\t<div class=\"elementor-widget-container\">\n\t\t\t\t\t\t\t\t\t<p>The Affiliate may not solicit referrals by misleading means, use NordicHost's trademarks, logos or other proprietary material without permission, or impersonate any employee or representative of NordicHost.<\/p><p>NordicHost reserves the right to remove all commissions generated through abuse and to remove the affiliate from the program.<\/p>\t\t\t\t\t\t\t\t<\/div>\n\t\t\t\t<\/div>\n\t\t\t\t<div class=\"elementor-element elementor-element-0c3f796 elementor-widget elementor-widget-heading\" data-id=\"0c3f796\" data-element_type=\"widget\" data-e-type=\"widget\" data-widget_type=\"heading.default\">\n\t\t\t\t<div class=\"elementor-widget-container\">\n\t\t\t\t\t<h2 class=\"elementor-heading-title elementor-size-default\">Commission billing and payment terms<\/h2>\t\t\t\t<\/div>\n\t\t\t\t<\/div>\n\t\t\t\t<div class=\"elementor-element elementor-element-b52afa7 elementor-widget elementor-widget-text-editor\" data-id=\"b52afa7\" data-element_type=\"widget\" data-e-type=\"widget\" data-widget_type=\"text-editor.default\">\n\t\t\t\t<div class=\"elementor-widget-container\">\n\t\t\t\t\t\t\t\t\t<p>Commissions can be charged when the amount of accrued commissions exceeds EUR 50. Amounts below this amount will not be paid separately but will be carried over to the next payment. The commission to be charged must have been authorised for at least 30 days. The partner must invoice commissions in the name of the company, registered association or cooperative.<\/p>\t\t\t\t\t\t\t\t<\/div>\n\t\t\t\t<\/div>\n\t\t\t\t<div class=\"elementor-element elementor-element-4c1932c elementor-widget elementor-widget-heading\" data-id=\"4c1932c\" data-element_type=\"widget\" data-e-type=\"widget\" data-widget_type=\"heading.default\">\n\t\t\t\t<div class=\"elementor-widget-container\">\n\t\t\t\t\t<h2 class=\"elementor-heading-title elementor-size-default\">Cancellations and unpaid orders<\/h2>\t\t\t\t<\/div>\n\t\t\t\t<\/div>\n\t\t\t\t<div class=\"elementor-element elementor-element-c20fbab elementor-widget elementor-widget-text-editor\" data-id=\"c20fbab\" data-element_type=\"widget\" data-e-type=\"widget\" data-widget_type=\"text-editor.default\">\n\t\t\t\t<div class=\"elementor-widget-container\">\n\t\t\t\t\t\t\t\t\t<p>If an order placed on the basis of a referral is cancelled, terminated or otherwise expires, the commission on that order will be forfeited. No commission will be paid for orders cancelled due to a satisfaction guarantee or for which the invoice is not settled or is passed on for collection.<\/p>\t\t\t\t\t\t\t\t<\/div>\n\t\t\t\t<\/div>\n\t\t\t\t<div class=\"elementor-element elementor-element-e2db4bc elementor-widget elementor-widget-heading\" data-id=\"e2db4bc\" data-element_type=\"widget\" data-e-type=\"widget\" data-widget_type=\"heading.default\">\n\t\t\t\t<div class=\"elementor-widget-container\">\n\t\t\t\t\t<h2 class=\"elementor-heading-title elementor-size-default\">Changes to the programme<\/h2>\t\t\t\t<\/div>\n\t\t\t\t<\/div>\n\t\t\t\t<div class=\"elementor-element elementor-element-960c3be elementor-widget elementor-widget-text-editor\" data-id=\"960c3be\" data-element_type=\"widget\" data-e-type=\"widget\" data-widget_type=\"text-editor.default\">\n\t\t\t\t<div class=\"elementor-widget-container\">\n\t\t\t\t\t\t\t\t\t<p>NordicHost may, at its sole discretion, change the terms and conditions of the Affiliate Program, the fee structure or terminate the program entirely without prior notice.<\/p>\t\t\t\t\t\t\t\t<\/div>\n\t\t\t\t<\/div>\n\t\t\t\t<div class=\"elementor-element elementor-element-893fb2d elementor-widget elementor-widget-heading\" data-id=\"893fb2d\" data-element_type=\"widget\" data-e-type=\"widget\" data-widget_type=\"heading.default\">\n\t\t\t\t<div class=\"elementor-widget-container\">\n\t\t\t\t\t<h2 class=\"elementor-heading-title elementor-size-default\">Self-purchases and orders from your own organisation<\/h2>\t\t\t\t<\/div>\n\t\t\t\t<\/div>\n\t\t\t\t<div class=\"elementor-element elementor-element-60fb35f elementor-widget elementor-widget-text-editor\" data-id=\"60fb35f\" data-element_type=\"widget\" data-e-type=\"widget\" data-widget_type=\"text-editor.default\">\n\t\t\t\t<div class=\"elementor-widget-container\">\n\t\t\t\t\t\t\t\t\t<p>The Partner is not entitled to commission on orders placed by the Partner himself, in his own name, for his own use or on behalf of his own company or group company.<\/p>\t\t\t\t\t\t\t\t<\/div>\n\t\t\t\t<\/div>\n\t\t\t\t<div class=\"elementor-element elementor-element-54d2987 elementor-widget elementor-widget-heading\" data-id=\"54d2987\" data-element_type=\"widget\" data-e-type=\"widget\" data-widget_type=\"heading.default\">\n\t\t\t\t<div class=\"elementor-widget-container\">\n\t\t\t\t\t<h2 class=\"elementor-heading-title elementor-size-default\">Commission billing instructions<\/h2>\t\t\t\t<\/div>\n\t\t\t\t<\/div>\n\t\t\t\t<div class=\"elementor-element elementor-element-9bb7a29 elementor-widget elementor-widget-text-editor\" data-id=\"9bb7a29\" data-element_type=\"widget\" data-e-type=\"widget\" data-widget_type=\"text-editor.default\">\n\t\t\t\t<div class=\"elementor-widget-container\">\n\t\t\t\t\t\t\t\t\t<p>Commissions can be charged once the minimum amount of 50\u20ac has been reached and the commission has been approved for at least one (1) month. Invoicing must be done in the name of a company, registered association or cooperative.<\/p><p>When preparing your invoice, please note the following:<\/p><ul><li>Add the applicable VAT to the invoice<\/li><li>Enter the invoice reference or additional information in the field:<br \/>\u201cPartnership Provisions\u201d or My Partnership ID<\/li><li>Submit the invoice as an e-invoice to the e-invoice details provided by NordicHost: <a href=\"https:\/\/verkkolaskuosoite.fi\/client\/#\/detail?id=1224287&amp;searchText=nordichost\">https:\/\/verkkolaskuosoite.fi\/client\/#\/detail?id=1224287&amp;searchText=nordichost<\/a><\/li><li>At least 14 days must be set for payment of the invoice<\/li><\/ul>\t\t\t\t\t\t\t\t<\/div>\n\t\t\t\t<\/div>\n\t\t\t\t\t<\/div>\n\t\t\t\t<\/div>\n\t\t\t\t\t<\/div>\n\t\t<\/div>\n\t\t\t\t\t<\/div>\n\t\t<\/section>\n\t\t\t\t<\/div>","protected":false},"excerpt":{"rendered":"<p>Kumppanuusohjelman ehdot Lue l\u00e4pi NordicHostin kumppanuusohjelman ehdot. Lue lis\u00e4\u00e4 Provisiomaksut Kumppanille maksettavat provisiot maksetaan sen j\u00e4lkeen, kun suosittelun perusteella tehty [&hellip;]<\/p>","protected":false},"author":3,"featured_media":0,"parent":0,"menu_order":0,"comment_status":"closed","ping_status":"closed","template":"","meta":{"site-sidebar-layout":"no-sidebar","site-content-layout":"","ast-site-content-layout":"full-width-container","site-content-style":"default","site-sidebar-style":"default","ast-global-header-display":"","ast-banner-title-visibility":"","ast-main-header-display":"","ast-hfb-above-header-display":"","ast-hfb-below-header-display":"","ast-hfb-mobile-header-display":"","site-post-title":"disabled","ast-breadcrumbs-content":"","ast-featured-img":"disabled","footer-sml-layout":"","theme-transparent-header-meta":"","adv-header-id-meta":"","stick-header-meta":"","header-above-stick-meta":"","header-main-stick-meta":"","header-below-stick-meta":"","astra-migrate-meta-layouts":"default","ast-page-background-enabled":"default","ast-page-background-meta":{"desktop":{"background-color":"var(--ast-global-color-5)","background-image":"","background-repeat":"repeat","background-position":"center center","background-size":"auto","background-attachment":"scroll","background-type":"","background-media":"","overlay-type":"","overlay-color":"","overlay-opacity":"","overlay-gradient":""},"tablet":{"background-color":"","background-image":"","background-repeat":"repeat","background-position":"center center","background-size":"auto","background-attachment":"scroll","background-type":"","background-media":"","overlay-type":"","overlay-color":"","overlay-opacity":"","overlay-gradient":""},"mobile":{"background-color":"","background-image":"","background-repeat":"repeat","background-position":"center center","background-size":"auto","background-attachment":"scroll","background-type":"","background-media":"","overlay-type":"","overlay-color":"","overlay-opacity":"","overlay-gradient":""}},"ast-content-background-meta":{"desktop":{"background-color":"var(--ast-global-color-4)","background-image":"","background-repeat":"repeat","background-position":"center center","background-size":"auto","background-attachment":"scroll","background-type":"","background-media":"","overlay-type":"","overlay-color":"","overlay-opacity":"","overlay-gradient":""},"tablet":{"background-color":"var(--ast-global-color-4)","background-image":"","background-repeat":"repeat","background-position":"center center","background-size":"auto","background-attachment":"scroll","background-type":"","background-media":"","overlay-type":"","overlay-color":"","overlay-opacity":"","overlay-gradient":""},"mobile":{"background-color":"var(--ast-global-color-4)","background-image":"","background-repeat":"repeat","background-position":"center center","background-size":"auto","background-attachment":"scroll","background-type":"","background-media":"","overlay-type":"","overlay-color":"","overlay-opacity":"","overlay-gradient":""}},"footnotes":""},"class_list":["post-5111","page","type-page","status-publish","hentry"],"featured_image_src":null,"yoast_head":"<!-- This site is optimized with the Yoast SEO plugin v27.2 - https:\/\/yoast.com\/product\/yoast-seo-wordpress\/ -->\n<title>Kumppanuusohjelman ehdot - NordicHost<\/title>\n<meta name=\"robots\" content=\"index, follow, max-snippet:-1, max-image-preview:large, max-video-preview:-1\" \/>\n<link rel=\"canonical\" href=\"https:\/\/nordichost.fi\/en\/kumppanuusohjelman-ehdot\/\" \/>\n<meta property=\"og:locale\" content=\"en_GB\" \/>\n<meta property=\"og:type\" content=\"article\" \/>\n<meta property=\"og:title\" content=\"Kumppanuusohjelman ehdot - NordicHost\" \/>\n<meta property=\"og:description\" content=\"Kumppanuusohjelman ehdot Lue l\u00e4pi NordicHostin kumppanuusohjelman ehdot. Lue lis\u00e4\u00e4 Provisiomaksut Kumppanille maksettavat provisiot maksetaan sen j\u00e4lkeen, kun suosittelun perusteella tehty [&hellip;]\" \/>\n<meta property=\"og:url\" content=\"https:\/\/nordichost.fi\/en\/kumppanuusohjelman-ehdot\/\" \/>\n<meta property=\"og:site_name\" content=\"NordicHost\" \/>\n<meta property=\"article:publisher\" content=\"https:\/\/www.facebook.com\/nordichost.fi\" \/>\n<meta property=\"article:modified_time\" content=\"2026-01-08T10:04:30+00:00\" \/>\n<meta name=\"twitter:card\" content=\"summary_large_image\" \/>\n<meta name=\"twitter:label1\" content=\"Estimated reading time\" \/>\n\t<meta name=\"twitter:data1\" content=\"2 minutes\" \/>\n<script type=\"application\/ld+json\" class=\"yoast-schema-graph\">{\"@context\":\"https:\/\/schema.org\",\"@graph\":[{\"@type\":\"WebPage\",\"@id\":\"https:\/\/nordichost.fi\/kumppanuusohjelman-ehdot\/\",\"url\":\"https:\/\/nordichost.fi\/kumppanuusohjelman-ehdot\/\",\"name\":\"Kumppanuusohjelman ehdot - NordicHost\",\"isPartOf\":{\"@id\":\"https:\/\/nordichost.fi\/#website\"},\"datePublished\":\"2025-12-16T10:05:42+00:00\",\"dateModified\":\"2026-01-08T10:04:30+00:00\",\"breadcrumb\":{\"@id\":\"https:\/\/nordichost.fi\/kumppanuusohjelman-ehdot\/#breadcrumb\"},\"inLanguage\":\"en-GB\",\"potentialAction\":[{\"@type\":\"ReadAction\",\"target\":[\"https:\/\/nordichost.fi\/kumppanuusohjelman-ehdot\/\"]}]},{\"@type\":\"BreadcrumbList\",\"@id\":\"https:\/\/nordichost.fi\/kumppanuusohjelman-ehdot\/#breadcrumb\",\"itemListElement\":[{\"@type\":\"ListItem\",\"position\":1,\"name\":\"Home\",\"item\":\"https:\/\/nordichost.fi\/\"},{\"@type\":\"ListItem\",\"position\":2,\"name\":\"Kumppanuusohjelman ehdot\"}]},{\"@type\":\"WebSite\",\"@id\":\"https:\/\/nordichost.fi\/#website\",\"url\":\"https:\/\/nordichost.fi\/\",\"name\":\"NordicHost\",\"description\":\"\",\"publisher\":{\"@id\":\"https:\/\/nordichost.fi\/#organization\"},\"potentialAction\":[{\"@type\":\"SearchAction\",\"target\":{\"@type\":\"EntryPoint\",\"urlTemplate\":\"https:\/\/nordichost.fi\/?s={search_term_string}\"},\"query-input\":{\"@type\":\"PropertyValueSpecification\",\"valueRequired\":true,\"valueName\":\"search_term_string\"}}],\"inLanguage\":\"en-GB\"},{\"@type\":\"Organization\",\"@id\":\"https:\/\/nordichost.fi\/#organization\",\"name\":\"NordicHost\",\"url\":\"https:\/\/nordichost.fi\/\",\"logo\":{\"@type\":\"ImageObject\",\"inLanguage\":\"en-GB\",\"@id\":\"https:\/\/nordichost.fi\/#\/schema\/logo\/image\/\",\"url\":\"https:\/\/nordichost.fi\/wp-content\/uploads\/2025\/01\/nordic-host-1-1024x299.png.webp\",\"contentUrl\":\"https:\/\/nordichost.fi\/wp-content\/uploads\/2025\/01\/nordic-host-1-1024x299.png.webp\",\"width\":1024,\"height\":299,\"caption\":\"NordicHost\"},\"image\":{\"@id\":\"https:\/\/nordichost.fi\/#\/schema\/logo\/image\/\"},\"sameAs\":[\"https:\/\/www.facebook.com\/nordichost.fi\",\"https:\/\/www.instagram.com\/nordichost.fi\/\"]}]}<\/script>\n<!-- \/ Yoast SEO plugin. -->","yoast_head_json":{"title":"Kumppanuusohjelman ehdot - NordicHost","robots":{"index":"index","follow":"follow","max-snippet":"max-snippet:-1","max-image-preview":"max-image-preview:large","max-video-preview":"max-video-preview:-1"},"canonical":"https:\/\/nordichost.fi\/en\/kumppanuusohjelman-ehdot\/","og_locale":"en_GB","og_type":"article","og_title":"Kumppanuusohjelman ehdot - NordicHost","og_description":"Kumppanuusohjelman ehdot Lue l\u00e4pi NordicHostin kumppanuusohjelman ehdot. Lue lis\u00e4\u00e4 Provisiomaksut Kumppanille maksettavat provisiot maksetaan sen j\u00e4lkeen, kun suosittelun perusteella tehty [&hellip;]","og_url":"https:\/\/nordichost.fi\/en\/kumppanuusohjelman-ehdot\/","og_site_name":"NordicHost","article_publisher":"https:\/\/www.facebook.com\/nordichost.fi","article_modified_time":"2026-01-08T10:04:30+00:00","twitter_card":"summary_large_image","twitter_misc":{"Estimated reading time":"2 minutes"},"schema":{"@context":"https:\/\/schema.org","@graph":[{"@type":"WebPage","@id":"https:\/\/nordichost.fi\/kumppanuusohjelman-ehdot\/","url":"https:\/\/nordichost.fi\/kumppanuusohjelman-ehdot\/","name":"Kumppanuusohjelman ehdot - NordicHost","isPartOf":{"@id":"https:\/\/nordichost.fi\/#website"},"datePublished":"2025-12-16T10:05:42+00:00","dateModified":"2026-01-08T10:04:30+00:00","breadcrumb":{"@id":"https:\/\/nordichost.fi\/kumppanuusohjelman-ehdot\/#breadcrumb"},"inLanguage":"en-GB","potentialAction":[{"@type":"ReadAction","target":["https:\/\/nordichost.fi\/kumppanuusohjelman-ehdot\/"]}]},{"@type":"BreadcrumbList","@id":"https:\/\/nordichost.fi\/kumppanuusohjelman-ehdot\/#breadcrumb","itemListElement":[{"@type":"ListItem","position":1,"name":"Home","item":"https:\/\/nordichost.fi\/"},{"@type":"ListItem","position":2,"name":"Kumppanuusohjelman ehdot"}]},{"@type":"WebSite","@id":"https:\/\/nordichost.fi\/#website","url":"https:\/\/nordichost.fi\/","name":"NordicHost","description":"","publisher":{"@id":"https:\/\/nordichost.fi\/#organization"},"potentialAction":[{"@type":"SearchAction","target":{"@type":"EntryPoint","urlTemplate":"https:\/\/nordichost.fi\/?s={search_term_string}"},"query-input":{"@type":"PropertyValueSpecification","valueRequired":true,"valueName":"search_term_string"}}],"inLanguage":"en-GB"},{"@type":"Organization","@id":"https:\/\/nordichost.fi\/#organization","name":"NordicHost","url":"https:\/\/nordichost.fi\/","logo":{"@type":"ImageObject","inLanguage":"en-GB","@id":"https:\/\/nordichost.fi\/#\/schema\/logo\/image\/","url":"https:\/\/nordichost.fi\/wp-content\/uploads\/2025\/01\/nordic-host-1-1024x299.png.webp","contentUrl":"https:\/\/nordichost.fi\/wp-content\/uploads\/2025\/01\/nordic-host-1-1024x299.png.webp","width":1024,"height":299,"caption":"NordicHost"},"image":{"@id":"https:\/\/nordichost.fi\/#\/schema\/logo\/image\/"},"sameAs":["https:\/\/www.facebook.com\/nordichost.fi","https:\/\/www.instagram.com\/nordichost.fi\/"]}]}},"_links":{"self":[{"href":"https:\/\/nordichost.fi\/en\/wp-json\/wp\/v2\/pages\/5111","targetHints":{"allow":["GET"]}}],"collection":[{"href":"https:\/\/nordichost.fi\/en\/wp-json\/wp\/v2\/pages"}],"about":[{"href":"https:\/\/nordichost.fi\/en\/wp-json\/wp\/v2\/types\/page"}],"author":[{"embeddable":true,"href":"https:\/\/nordichost.fi\/en\/wp-json\/wp\/v2\/users\/3"}],"replies":[{"embeddable":true,"href":"https:\/\/nordichost.fi\/en\/wp-json\/wp\/v2\/comments?post=5111"}],"version-history":[{"count":22,"href":"https:\/\/nordichost.fi\/en\/wp-json\/wp\/v2\/pages\/5111\/revisions"}],"predecessor-version":[{"id":5244,"href":"https:\/\/nordichost.fi\/en\/wp-json\/wp\/v2\/pages\/5111\/revisions\/5244"}],"wp:attachment":[{"href":"https:\/\/nordichost.fi\/en\/wp-json\/wp\/v2\/media?parent=5111"}],"curies":[{"name":"wp","href":"https:\/\/api.w.org\/{rel}","templated":true}]}}